{"id":2421,"date":"2022-05-19T14:20:08","date_gmt":"2022-05-19T12:20:08","guid":{"rendered":"https:\/\/www.rosafenster.ch\/produkt\/non class\u00e9\/cadre-de-tension-clipfix\/"},"modified":"2022-05-19T14:20:08","modified_gmt":"2022-05-19T12:20:08","slug":"cadre-de-tension-clipfix","status":"publish","type":"product","link":"https:\/\/www.rosafenster.ch\/fr\/produkt\/moustiquaire\/fenetre\/cadre-de-tension-clipfix\/","title":{"rendered":"Cadre de tension ClipFix"},"content":{"rendered":"<p>Ouvrir la fen\u00eatre &#8211; mettre le cadre de tension &#8211; fermer la fen\u00eatre. Simple et rapide, sans percer, visser ou coller. Gr\u00e2ce \u00e0 la technique d&rsquo;encliquetage brevet\u00e9e, le cadre de tension ClipFix s&rsquo;enclenche en un clin d&rsquo;\u0153il et s&rsquo;enl\u00e8ve tout aussi facilement.<\/p>\n<h3><strong>Mesur\u00e9 et mont\u00e9 au millim\u00e8tre pr\u00e8s par un professionnel<\/strong><\/h3>\n<p>Nos produits se distinguent par leur long\u00e9vit\u00e9, leur parfaite adaptation et les exigences de qualit\u00e9 les plus \u00e9lev\u00e9es. Pour que vous obteniez exactement le syst\u00e8me de moustiquaire qui vous convient parfaitement sur le plan visuel et fonctionnel, nos partenaires sp\u00e9cialis\u00e9s qualifi\u00e9s se feront un plaisir de vous conseiller sur place. Avec vous, ils d\u00e9terminent la variante optimale pour votre situation de montage, mesurent exactement vos fen\u00eatres et portes et livrent et montent le produit command\u00e9. Rapide, propre et fiable.<\/p>\n","protected":false},"excerpt":{"rendered":"<p>Ouvrir la fen\u00eatre &#8211; mettre le cadre de tension &#8211; fermer la fen\u00eatre. Simple et rapide, sans percer, visser ou coller. Gr\u00e2ce \u00e0 la technique d&rsquo;encliquetage brevet\u00e9e, le cadre de tension ClipFix s&rsquo;enclenche en un clin d&rsquo;\u0153il et s&rsquo;enl\u00e8ve tout aussi facilement. Mesur\u00e9 et mont\u00e9 au millim\u00e8tre pr\u00e8s par un professionnel Nos produits se distinguent [&hellip;]<\/p>\n","protected":false},"featured_media":614,"comment_status":"open","ping_status":"closed","template":"","meta":{"inline_featured_image":false},"product_brand":[],"product_cat":[111,113],"product_tag":[],"class_list":{"0":"post-2421","1":"product","2":"type-product","3":"status-publish","4":"has-post-thumbnail","6":"product_cat-moustiquaire","7":"product_cat-fenetre","9":"first","10":"instock","11":"taxable","12":"shipping-taxable","13":"product-type-simple"},"_links":{"self":[{"href":"https:\/\/www.rosafenster.ch\/fr\/wp-json\/wp\/v2\/product\/2421","targetHints":{"allow":["GET"]}}],"collection":[{"href":"https:\/\/www.rosafenster.ch\/fr\/wp-json\/wp\/v2\/product"}],"about":[{"href":"https:\/\/www.rosafenster.ch\/fr\/wp-json\/wp\/v2\/types\/product"}],"replies":[{"embeddable":true,"href":"https:\/\/www.rosafenster.ch\/fr\/wp-json\/wp\/v2\/comments?post=2421"}],"wp:featuredmedia":[{"embeddable":true,"href":"https:\/\/www.rosafenster.ch\/fr\/wp-json\/wp\/v2\/media\/614"}],"wp:attachment":[{"href":"https:\/\/www.rosafenster.ch\/fr\/wp-json\/wp\/v2\/media?parent=2421"}],"wp:term":[{"taxonomy":"product_brand","embeddable":true,"href":"https:\/\/www.rosafenster.ch\/fr\/wp-json\/wp\/v2\/product_brand?post=2421"},{"taxonomy":"product_cat","embeddable":true,"href":"https:\/\/www.rosafenster.ch\/fr\/wp-json\/wp\/v2\/product_cat?post=2421"},{"taxonomy":"product_tag","embeddable":true,"href":"https:\/\/www.rosafenster.ch\/fr\/wp-json\/wp\/v2\/product_tag?post=2421"}],"curies":[{"name":"wp","href":"https:\/\/api.w.org\/{rel}","templated":true}]}}