{"id":2423,"date":"2022-09-02T20:43:33","date_gmt":"2022-09-02T18:43:33","guid":{"rendered":"https:\/\/www.rosafenster.ch\/produkt\/non class\u00e9\/tizo\/"},"modified":"2022-09-02T20:43:33","modified_gmt":"2022-09-02T18:43:33","slug":"tizo","status":"publish","type":"product","link":"https:\/\/www.rosafenster.ch\/fr\/produkt\/volets\/volets-battants\/tizo\/","title":{"rendered":"TIZO"},"content":{"rendered":"<p>Finition : Structure fine mate (standard), Soyeux, Mat<br \/>\nRev\u00eatement par poudre : 200 \u00b0C avant l&rsquo;assemblage<br \/>\nCouleurs : RAL Classic, RAL Design, NCS, VSR<br \/>\nD\u00e9cors : bois, pierre, rouille<br \/>\nPr\u00e9traitement : Ocean Line Plus possible<br \/>\nRemarques : trou de drainage en bas du cadre<br \/>\nPour les formes sp\u00e9ciales, pas d&rsquo;entra\u00eenement \u00e9lectrique ni de d\u00e9cor possible<br \/>\nLamelle sup\u00e9rieure d\u00e9coup\u00e9e<br \/>\nPas de remplacement possible de la serrure \u00e0 barre<br \/>\nVerrouillage d&rsquo;\u00e9tage utilisable uniquement de mani\u00e8re limit\u00e9e pour les formes sp\u00e9ciales<\/p>\n","protected":false},"excerpt":{"rendered":"<p>Finition : Structure fine mate (standard), Soyeux, Mat Rev\u00eatement par poudre : 200 \u00b0C avant l&rsquo;assemblage Couleurs : RAL Classic, RAL Design, NCS, VSR D\u00e9cors : bois, pierre, rouille Pr\u00e9traitement : Ocean Line Plus possible Remarques : trou de drainage en bas du cadre Pour les formes sp\u00e9ciales, pas d&rsquo;entra\u00eenement \u00e9lectrique ni de d\u00e9cor possible [&hellip;]<\/p>\n","protected":false},"featured_media":912,"comment_status":"closed","ping_status":"closed","template":"","meta":{"inline_featured_image":false},"product_brand":[],"product_cat":[112,117],"product_tag":[],"class_list":{"0":"post-2423","1":"product","2":"type-product","3":"status-publish","4":"has-post-thumbnail","6":"product_cat-volets","7":"product_cat-volets-battants","9":"first","10":"instock","11":"taxable","12":"shipping-taxable","13":"product-type-simple"},"_links":{"self":[{"href":"https:\/\/www.rosafenster.ch\/fr\/wp-json\/wp\/v2\/product\/2423","targetHints":{"allow":["GET"]}}],"collection":[{"href":"https:\/\/www.rosafenster.ch\/fr\/wp-json\/wp\/v2\/product"}],"about":[{"href":"https:\/\/www.rosafenster.ch\/fr\/wp-json\/wp\/v2\/types\/product"}],"replies":[{"embeddable":true,"href":"https:\/\/www.rosafenster.ch\/fr\/wp-json\/wp\/v2\/comments?post=2423"}],"wp:featuredmedia":[{"embeddable":true,"href":"https:\/\/www.rosafenster.ch\/fr\/wp-json\/wp\/v2\/media\/912"}],"wp:attachment":[{"href":"https:\/\/www.rosafenster.ch\/fr\/wp-json\/wp\/v2\/media?parent=2423"}],"wp:term":[{"taxonomy":"product_brand","embeddable":true,"href":"https:\/\/www.rosafenster.ch\/fr\/wp-json\/wp\/v2\/product_brand?post=2423"},{"taxonomy":"product_cat","embeddable":true,"href":"https:\/\/www.rosafenster.ch\/fr\/wp-json\/wp\/v2\/product_cat?post=2423"},{"taxonomy":"product_tag","embeddable":true,"href":"https:\/\/www.rosafenster.ch\/fr\/wp-json\/wp\/v2\/product_tag?post=2423"}],"curies":[{"name":"wp","href":"https:\/\/api.w.org\/{rel}","templated":true}]}}