{"id":2424,"date":"2022-12-08T16:16:38","date_gmt":"2022-12-08T15:16:38","guid":{"rendered":"https:\/\/www.rosafenster.ch\/produkt\/non class\u00e9\/store-de-porte-uno\/"},"modified":"2022-12-08T16:16:38","modified_gmt":"2022-12-08T15:16:38","slug":"store-de-porte-uno","status":"publish","type":"product","link":"https:\/\/www.rosafenster.ch\/fr\/produkt\/moustiquaire\/portes\/store-de-porte-uno\/","title":{"rendered":"Store de porte Uno"},"content":{"rendered":"<p>Un simple geste suffit pour que le volet roulant Uno soit toujours l\u00e0 o\u00f9 vous en avez besoin. Si vous n&rsquo;avez pas besoin de moustiquaire, il suffit de la faire dispara\u00eetre dans la bo\u00eete \u00e0 roulettes. La brosse anti-vent maintient la toile en place m\u00eame en cas de vent et le frein \u00e0 ressort int\u00e9gr\u00e9 permet d&rsquo;enrouler la toile en douceur et en silence.<\/p>\n","protected":false},"excerpt":{"rendered":"<p>Un simple geste suffit pour que le volet roulant Uno soit toujours l\u00e0 o\u00f9 vous en avez besoin. Si vous n&rsquo;avez pas besoin de moustiquaire, il suffit de la faire dispara\u00eetre dans la bo\u00eete \u00e0 roulettes. La brosse anti-vent maintient la toile en place m\u00eame en cas de vent et le frein \u00e0 ressort int\u00e9gr\u00e9 [&hellip;]<\/p>\n","protected":false},"featured_media":1172,"comment_status":"closed","ping_status":"open","template":"","meta":{"inline_featured_image":false},"product_brand":[],"product_cat":[111,118],"product_tag":[],"class_list":{"0":"post-2424","1":"product","2":"type-product","3":"status-publish","4":"has-post-thumbnail","6":"product_cat-moustiquaire","7":"product_cat-portes","9":"first","10":"instock","11":"taxable","12":"shipping-taxable","13":"product-type-simple"},"_links":{"self":[{"href":"https:\/\/www.rosafenster.ch\/fr\/wp-json\/wp\/v2\/product\/2424","targetHints":{"allow":["GET"]}}],"collection":[{"href":"https:\/\/www.rosafenster.ch\/fr\/wp-json\/wp\/v2\/product"}],"about":[{"href":"https:\/\/www.rosafenster.ch\/fr\/wp-json\/wp\/v2\/types\/product"}],"replies":[{"embeddable":true,"href":"https:\/\/www.rosafenster.ch\/fr\/wp-json\/wp\/v2\/comments?post=2424"}],"wp:featuredmedia":[{"embeddable":true,"href":"https:\/\/www.rosafenster.ch\/fr\/wp-json\/wp\/v2\/media\/1172"}],"wp:attachment":[{"href":"https:\/\/www.rosafenster.ch\/fr\/wp-json\/wp\/v2\/media?parent=2424"}],"wp:term":[{"taxonomy":"product_brand","embeddable":true,"href":"https:\/\/www.rosafenster.ch\/fr\/wp-json\/wp\/v2\/product_brand?post=2424"},{"taxonomy":"product_cat","embeddable":true,"href":"https:\/\/www.rosafenster.ch\/fr\/wp-json\/wp\/v2\/product_cat?post=2424"},{"taxonomy":"product_tag","embeddable":true,"href":"https:\/\/www.rosafenster.ch\/fr\/wp-json\/wp\/v2\/product_tag?post=2424"}],"curies":[{"name":"wp","href":"https:\/\/api.w.org\/{rel}","templated":true}]}}