{"id":2437,"date":"2022-05-28T21:43:05","date_gmt":"2022-05-28T19:43:05","guid":{"rendered":"https:\/\/www.rosafenster.ch\/produkt\/non class\u00e9\/cadre-de-tension-vario\/"},"modified":"2022-05-28T21:43:05","modified_gmt":"2022-05-28T19:43:05","slug":"cadre-de-tension-vario","status":"publish","type":"product","link":"https:\/\/www.rosafenster.ch\/fr\/produkt\/moustiquaire\/fenetre\/cadre-de-tension-vario\/","title":{"rendered":"Cadre de tension Vario"},"content":{"rendered":"<p>Le cadre de tension Vario est pass\u00e9 par l&rsquo;ouverture de la fen\u00eatre et positionn\u00e9 en haut sur le cadre de la fen\u00eatre \u00e0 l&rsquo;aide des \u00e9querres d&rsquo;accrochage \u00e0 ressort. Pousser le cadre tendeur vers le haut et l&rsquo;accrocher finalement au cadre inf\u00e9rieur de la fen\u00eatre \u00e0 l&rsquo;aide des \u00e9querres d&rsquo;accrochage situ\u00e9es en bas. Appuyer sur le verrouillage et se sentir bien.<\/p>\n<p>&nbsp;<\/p>\n","protected":false},"excerpt":{"rendered":"<p>Le cadre de tension Vario est pass\u00e9 par l&rsquo;ouverture de la fen\u00eatre et positionn\u00e9 en haut sur le cadre de la fen\u00eatre \u00e0 l&rsquo;aide des \u00e9querres d&rsquo;accrochage \u00e0 ressort. Pousser le cadre tendeur vers le haut et l&rsquo;accrocher finalement au cadre inf\u00e9rieur de la fen\u00eatre \u00e0 l&rsquo;aide des \u00e9querres d&rsquo;accrochage situ\u00e9es en bas. Appuyer sur [&hellip;]<\/p>\n","protected":false},"featured_media":651,"comment_status":"open","ping_status":"closed","template":"","meta":{"inline_featured_image":false},"product_brand":[],"product_cat":[111,113],"product_tag":[],"class_list":{"0":"post-2437","1":"product","2":"type-product","3":"status-publish","4":"has-post-thumbnail","6":"product_cat-moustiquaire","7":"product_cat-fenetre","9":"first","10":"instock","11":"taxable","12":"shipping-taxable","13":"product-type-simple"},"_links":{"self":[{"href":"https:\/\/www.rosafenster.ch\/fr\/wp-json\/wp\/v2\/product\/2437","targetHints":{"allow":["GET"]}}],"collection":[{"href":"https:\/\/www.rosafenster.ch\/fr\/wp-json\/wp\/v2\/product"}],"about":[{"href":"https:\/\/www.rosafenster.ch\/fr\/wp-json\/wp\/v2\/types\/product"}],"replies":[{"embeddable":true,"href":"https:\/\/www.rosafenster.ch\/fr\/wp-json\/wp\/v2\/comments?post=2437"}],"wp:featuredmedia":[{"embeddable":true,"href":"https:\/\/www.rosafenster.ch\/fr\/wp-json\/wp\/v2\/media\/651"}],"wp:attachment":[{"href":"https:\/\/www.rosafenster.ch\/fr\/wp-json\/wp\/v2\/media?parent=2437"}],"wp:term":[{"taxonomy":"product_brand","embeddable":true,"href":"https:\/\/www.rosafenster.ch\/fr\/wp-json\/wp\/v2\/product_brand?post=2437"},{"taxonomy":"product_cat","embeddable":true,"href":"https:\/\/www.rosafenster.ch\/fr\/wp-json\/wp\/v2\/product_cat?post=2437"},{"taxonomy":"product_tag","embeddable":true,"href":"https:\/\/www.rosafenster.ch\/fr\/wp-json\/wp\/v2\/product_tag?post=2437"}],"curies":[{"name":"wp","href":"https:\/\/api.w.org\/{rel}","templated":true}]}}