{"id":2439,"date":"2022-09-02T20:43:33","date_gmt":"2022-09-02T18:43:33","guid":{"rendered":"https:\/\/www.rosafenster.ch\/produkt\/non class\u00e9\/softline-70\/"},"modified":"2022-09-02T20:43:33","modified_gmt":"2022-09-02T18:43:33","slug":"softline-70","status":"publish","type":"product","link":"https:\/\/www.rosafenster.ch\/fr\/produkt\/fenetre-fr\/plastique\/softline-70\/","title":{"rendered":"SOFTLINE 70"},"content":{"rendered":"<p>Avec les fen\u00eatres modernes en PVC fabriqu\u00e9es \u00e0 partir de profil\u00e9s VEKA, on gagne en qualit\u00e9 et en s\u00e9curit\u00e9.<br \/>\nchaque maison. En effet, le design classique du syst\u00e8me SOFTLINE<br \/>\navec son contour l\u00e9g\u00e8rement arrondi est intemporel et s&rsquo;harmonise<br \/>\ns&rsquo;accorde parfaitement avec les styles architecturaux les plus divers &#8211;<br \/>\nqu&rsquo;il s&rsquo;agisse d&rsquo;une construction moderne ou traditionnelle, d&rsquo;une nouvelle construction ou d&rsquo;une r\u00e9novation.<\/p>\n","protected":false},"excerpt":{"rendered":"<p>Avec les fen\u00eatres modernes en PVC fabriqu\u00e9es \u00e0 partir de profil\u00e9s VEKA, on gagne en qualit\u00e9 et en s\u00e9curit\u00e9. chaque maison. En effet, le design classique du syst\u00e8me SOFTLINE avec son contour l\u00e9g\u00e8rement arrondi est intemporel et s&rsquo;harmonise s&rsquo;accorde parfaitement avec les styles architecturaux les plus divers &#8211; qu&rsquo;il s&rsquo;agisse d&rsquo;une construction moderne ou traditionnelle, [&hellip;]<\/p>\n","protected":false},"featured_media":921,"comment_status":"closed","ping_status":"closed","template":"","meta":{"inline_featured_image":false},"product_brand":[],"product_cat":[135,136],"product_tag":[],"class_list":{"0":"post-2439","1":"product","2":"type-product","3":"status-publish","4":"has-post-thumbnail","6":"product_cat-fenetre-fr","7":"product_cat-plastique","9":"first","10":"instock","11":"taxable","12":"shipping-taxable","13":"product-type-simple"},"_links":{"self":[{"href":"https:\/\/www.rosafenster.ch\/fr\/wp-json\/wp\/v2\/product\/2439","targetHints":{"allow":["GET"]}}],"collection":[{"href":"https:\/\/www.rosafenster.ch\/fr\/wp-json\/wp\/v2\/product"}],"about":[{"href":"https:\/\/www.rosafenster.ch\/fr\/wp-json\/wp\/v2\/types\/product"}],"replies":[{"embeddable":true,"href":"https:\/\/www.rosafenster.ch\/fr\/wp-json\/wp\/v2\/comments?post=2439"}],"wp:featuredmedia":[{"embeddable":true,"href":"https:\/\/www.rosafenster.ch\/fr\/wp-json\/wp\/v2\/media\/921"}],"wp:attachment":[{"href":"https:\/\/www.rosafenster.ch\/fr\/wp-json\/wp\/v2\/media?parent=2439"}],"wp:term":[{"taxonomy":"product_brand","embeddable":true,"href":"https:\/\/www.rosafenster.ch\/fr\/wp-json\/wp\/v2\/product_brand?post=2439"},{"taxonomy":"product_cat","embeddable":true,"href":"https:\/\/www.rosafenster.ch\/fr\/wp-json\/wp\/v2\/product_cat?post=2439"},{"taxonomy":"product_tag","embeddable":true,"href":"https:\/\/www.rosafenster.ch\/fr\/wp-json\/wp\/v2\/product_tag?post=2439"}],"curies":[{"name":"wp","href":"https:\/\/api.w.org\/{rel}","templated":true}]}}