{"id":2441,"date":"2022-12-08T16:16:38","date_gmt":"2022-12-08T15:16:38","guid":{"rendered":"https:\/\/www.rosafenster.ch\/produkt\/non class\u00e9\/porte-coulissante\/"},"modified":"2022-12-08T16:16:38","modified_gmt":"2022-12-08T15:16:38","slug":"porte-coulissante","status":"publish","type":"product","link":"https:\/\/www.rosafenster.ch\/fr\/produkt\/moustiquaire\/portes\/porte-coulissante\/","title":{"rendered":"Porte coulissante"},"content":{"rendered":"<p>En raison de leur grande stabilit\u00e9 et de leur faible profondeur de montage, les portes coulissantes sont une solution confortable pour les petites et grandes dimensions de vantaux. Il est livr\u00e9 avec un rail inf\u00e9rieur extra-plat qui glisse silencieusement et facilement sur le c\u00f4t\u00e9 du rail. Ainsi, l&rsquo;utilisation de grandes portes coulissantes devient un jeu d&rsquo;enfant.<\/p>\n","protected":false},"excerpt":{"rendered":"<p>En raison de leur grande stabilit\u00e9 et de leur faible profondeur de montage, les portes coulissantes sont une solution confortable pour les petites et grandes dimensions de vantaux. Il est livr\u00e9 avec un rail inf\u00e9rieur extra-plat qui glisse silencieusement et facilement sur le c\u00f4t\u00e9 du rail. Ainsi, l&rsquo;utilisation de grandes portes coulissantes devient un jeu [&hellip;]<\/p>\n","protected":false},"featured_media":1157,"comment_status":"closed","ping_status":"open","template":"","meta":{"inline_featured_image":false},"product_brand":[],"product_cat":[111,118],"product_tag":[],"class_list":{"0":"post-2441","1":"product","2":"type-product","3":"status-publish","4":"has-post-thumbnail","6":"product_cat-moustiquaire","7":"product_cat-portes","9":"first","10":"instock","11":"taxable","12":"shipping-taxable","13":"product-type-simple"},"_links":{"self":[{"href":"https:\/\/www.rosafenster.ch\/fr\/wp-json\/wp\/v2\/product\/2441","targetHints":{"allow":["GET"]}}],"collection":[{"href":"https:\/\/www.rosafenster.ch\/fr\/wp-json\/wp\/v2\/product"}],"about":[{"href":"https:\/\/www.rosafenster.ch\/fr\/wp-json\/wp\/v2\/types\/product"}],"replies":[{"embeddable":true,"href":"https:\/\/www.rosafenster.ch\/fr\/wp-json\/wp\/v2\/comments?post=2441"}],"wp:featuredmedia":[{"embeddable":true,"href":"https:\/\/www.rosafenster.ch\/fr\/wp-json\/wp\/v2\/media\/1157"}],"wp:attachment":[{"href":"https:\/\/www.rosafenster.ch\/fr\/wp-json\/wp\/v2\/media?parent=2441"}],"wp:term":[{"taxonomy":"product_brand","embeddable":true,"href":"https:\/\/www.rosafenster.ch\/fr\/wp-json\/wp\/v2\/product_brand?post=2441"},{"taxonomy":"product_cat","embeddable":true,"href":"https:\/\/www.rosafenster.ch\/fr\/wp-json\/wp\/v2\/product_cat?post=2441"},{"taxonomy":"product_tag","embeddable":true,"href":"https:\/\/www.rosafenster.ch\/fr\/wp-json\/wp\/v2\/product_tag?post=2441"}],"curies":[{"name":"wp","href":"https:\/\/api.w.org\/{rel}","templated":true}]}}