{"id":2442,"date":"2022-12-08T16:16:38","date_gmt":"2022-12-08T15:16:38","guid":{"rendered":"https:\/\/www.rosafenster.ch\/produkt\/non class\u00e9\/porte-battante\/"},"modified":"2022-12-08T16:16:38","modified_gmt":"2022-12-08T15:16:38","slug":"porte-battante","status":"publish","type":"product","link":"https:\/\/www.rosafenster.ch\/fr\/produkt\/moustiquaire\/portes\/porte-battante\/","title":{"rendered":"Porte battante"},"content":{"rendered":"<p>Notre porte battante s&rsquo;ouvre avec \u00e9lan dans les deux sens de la marche et se ferme en douceur et automatiquement gr\u00e2ce \u00e0 un m\u00e9canisme de barre de torsion et des aimants int\u00e9gr\u00e9s. Gr\u00e2ce \u00e0 la barre de poign\u00e9e int\u00e9gr\u00e9e, vous d\u00e9cidez du mode d&rsquo;utilisation en fonction de la situation et de la flexibilit\u00e9. Si vous le souhaitez, vous pouvez m\u00eame garder les deux mains libres. Pour ce faire, choisissez la protection de marchepied en option pour la commande par le pied.<\/p>\n","protected":false},"excerpt":{"rendered":"<p>Notre porte battante s&rsquo;ouvre avec \u00e9lan dans les deux sens de la marche et se ferme en douceur et automatiquement gr\u00e2ce \u00e0 un m\u00e9canisme de barre de torsion et des aimants int\u00e9gr\u00e9s. Gr\u00e2ce \u00e0 la barre de poign\u00e9e int\u00e9gr\u00e9e, vous d\u00e9cidez du mode d&rsquo;utilisation en fonction de la situation et de la flexibilit\u00e9. Si vous [&hellip;]<\/p>\n","protected":false},"featured_media":1182,"comment_status":"closed","ping_status":"open","template":"","meta":{"inline_featured_image":false},"product_brand":[],"product_cat":[111,118],"product_tag":[],"class_list":{"0":"post-2442","1":"product","2":"type-product","3":"status-publish","4":"has-post-thumbnail","6":"product_cat-moustiquaire","7":"product_cat-portes","9":"first","10":"instock","11":"taxable","12":"shipping-taxable","13":"product-type-simple"},"_links":{"self":[{"href":"https:\/\/www.rosafenster.ch\/fr\/wp-json\/wp\/v2\/product\/2442","targetHints":{"allow":["GET"]}}],"collection":[{"href":"https:\/\/www.rosafenster.ch\/fr\/wp-json\/wp\/v2\/product"}],"about":[{"href":"https:\/\/www.rosafenster.ch\/fr\/wp-json\/wp\/v2\/types\/product"}],"replies":[{"embeddable":true,"href":"https:\/\/www.rosafenster.ch\/fr\/wp-json\/wp\/v2\/comments?post=2442"}],"wp:featuredmedia":[{"embeddable":true,"href":"https:\/\/www.rosafenster.ch\/fr\/wp-json\/wp\/v2\/media\/1182"}],"wp:attachment":[{"href":"https:\/\/www.rosafenster.ch\/fr\/wp-json\/wp\/v2\/media?parent=2442"}],"wp:term":[{"taxonomy":"product_brand","embeddable":true,"href":"https:\/\/www.rosafenster.ch\/fr\/wp-json\/wp\/v2\/product_brand?post=2442"},{"taxonomy":"product_cat","embeddable":true,"href":"https:\/\/www.rosafenster.ch\/fr\/wp-json\/wp\/v2\/product_cat?post=2442"},{"taxonomy":"product_tag","embeddable":true,"href":"https:\/\/www.rosafenster.ch\/fr\/wp-json\/wp\/v2\/product_tag?post=2442"}],"curies":[{"name":"wp","href":"https:\/\/api.w.org\/{rel}","templated":true}]}}