{"id":2445,"date":"2022-12-08T16:16:38","date_gmt":"2022-12-08T15:16:38","guid":{"rendered":"https:\/\/www.rosafenster.ch\/produkt\/non class\u00e9\/porte-battante-slim\/"},"modified":"2022-12-08T16:16:38","modified_gmt":"2022-12-08T15:16:38","slug":"porte-battante-slim","status":"publish","type":"product","link":"https:\/\/www.rosafenster.ch\/fr\/produkt\/moustiquaire\/portes\/porte-battante-slim\/","title":{"rendered":"Porte battante Slim"},"content":{"rendered":"<p>Gr\u00e2ce \u00e0 leur profil \u00e9troit, les portes tournantes Slim conviennent aux situations de montage particuli\u00e8rement compactes, g\u00e9n\u00e9ralement entre les portes de balcon et les volets roulants. Pousser de l&rsquo;int\u00e9rieur avec les mains ou les pieds (option protection contre les coups de pied). Si n\u00e9cessaire, il est possible d&rsquo;installer un ferme-porte qui ferme automatiquement la porte tournante apr\u00e8s son ouverture.<\/p>\n","protected":false},"excerpt":{"rendered":"<p>Gr\u00e2ce \u00e0 leur profil \u00e9troit, les portes tournantes Slim conviennent aux situations de montage particuli\u00e8rement compactes, g\u00e9n\u00e9ralement entre les portes de balcon et les volets roulants. Pousser de l&rsquo;int\u00e9rieur avec les mains ou les pieds (option protection contre les coups de pied). Si n\u00e9cessaire, il est possible d&rsquo;installer un ferme-porte qui ferme automatiquement la porte [&hellip;]<\/p>\n","protected":false},"featured_media":1165,"comment_status":"closed","ping_status":"open","template":"","meta":{"inline_featured_image":false},"product_brand":[],"product_cat":[111,118],"product_tag":[],"class_list":{"0":"post-2445","1":"product","2":"type-product","3":"status-publish","4":"has-post-thumbnail","6":"product_cat-moustiquaire","7":"product_cat-portes","9":"first","10":"instock","11":"taxable","12":"shipping-taxable","13":"product-type-simple"},"_links":{"self":[{"href":"https:\/\/www.rosafenster.ch\/fr\/wp-json\/wp\/v2\/product\/2445","targetHints":{"allow":["GET"]}}],"collection":[{"href":"https:\/\/www.rosafenster.ch\/fr\/wp-json\/wp\/v2\/product"}],"about":[{"href":"https:\/\/www.rosafenster.ch\/fr\/wp-json\/wp\/v2\/types\/product"}],"replies":[{"embeddable":true,"href":"https:\/\/www.rosafenster.ch\/fr\/wp-json\/wp\/v2\/comments?post=2445"}],"wp:featuredmedia":[{"embeddable":true,"href":"https:\/\/www.rosafenster.ch\/fr\/wp-json\/wp\/v2\/media\/1165"}],"wp:attachment":[{"href":"https:\/\/www.rosafenster.ch\/fr\/wp-json\/wp\/v2\/media?parent=2445"}],"wp:term":[{"taxonomy":"product_brand","embeddable":true,"href":"https:\/\/www.rosafenster.ch\/fr\/wp-json\/wp\/v2\/product_brand?post=2445"},{"taxonomy":"product_cat","embeddable":true,"href":"https:\/\/www.rosafenster.ch\/fr\/wp-json\/wp\/v2\/product_cat?post=2445"},{"taxonomy":"product_tag","embeddable":true,"href":"https:\/\/www.rosafenster.ch\/fr\/wp-json\/wp\/v2\/product_tag?post=2445"}],"curies":[{"name":"wp","href":"https:\/\/api.w.org\/{rel}","templated":true}]}}