{"id":2453,"date":"2022-12-08T16:16:38","date_gmt":"2022-12-08T15:16:38","guid":{"rendered":"https:\/\/www.rosafenster.ch\/produkt\/non class\u00e9\/plisse-de-porte-slim\/"},"modified":"2022-12-08T16:16:38","modified_gmt":"2022-12-08T15:16:38","slug":"plisse-de-porte-slim","status":"publish","type":"product","link":"https:\/\/www.rosafenster.ch\/fr\/produkt\/moustiquaire\/portes\/plisse-de-porte-slim\/","title":{"rendered":"Pliss\u00e9 de porte Slim"},"content":{"rendered":"<p>Gr\u00e2ce \u00e0 un m\u00e9canisme ing\u00e9nieux, l&rsquo;utilisation du store Slim est un jeu d&rsquo;enfant, il fonctionne presque sans bruit et reste dans toutes les positions souhait\u00e9es. Il s&rsquo;assemble comme un accord\u00e9on, prend peu de place et s&rsquo;int\u00e8gre presque parfaitement dans les situations de montage existantes gr\u00e2ce \u00e0 sa faible profondeur d&rsquo;encastrement.<\/p>\n","protected":false},"excerpt":{"rendered":"<p>Gr\u00e2ce \u00e0 un m\u00e9canisme ing\u00e9nieux, l&rsquo;utilisation du store Slim est un jeu d&rsquo;enfant, il fonctionne presque sans bruit et reste dans toutes les positions souhait\u00e9es. Il s&rsquo;assemble comme un accord\u00e9on, prend peu de place et s&rsquo;int\u00e8gre presque parfaitement dans les situations de montage existantes gr\u00e2ce \u00e0 sa faible profondeur d&rsquo;encastrement.<\/p>\n","protected":false},"featured_media":1168,"comment_status":"closed","ping_status":"open","template":"","meta":{"inline_featured_image":false},"product_brand":[],"product_cat":[111,118],"product_tag":[],"class_list":{"0":"post-2453","1":"product","2":"type-product","3":"status-publish","4":"has-post-thumbnail","6":"product_cat-moustiquaire","7":"product_cat-portes","9":"first","10":"instock","11":"taxable","12":"shipping-taxable","13":"product-type-simple"},"_links":{"self":[{"href":"https:\/\/www.rosafenster.ch\/fr\/wp-json\/wp\/v2\/product\/2453","targetHints":{"allow":["GET"]}}],"collection":[{"href":"https:\/\/www.rosafenster.ch\/fr\/wp-json\/wp\/v2\/product"}],"about":[{"href":"https:\/\/www.rosafenster.ch\/fr\/wp-json\/wp\/v2\/types\/product"}],"replies":[{"embeddable":true,"href":"https:\/\/www.rosafenster.ch\/fr\/wp-json\/wp\/v2\/comments?post=2453"}],"wp:featuredmedia":[{"embeddable":true,"href":"https:\/\/www.rosafenster.ch\/fr\/wp-json\/wp\/v2\/media\/1168"}],"wp:attachment":[{"href":"https:\/\/www.rosafenster.ch\/fr\/wp-json\/wp\/v2\/media?parent=2453"}],"wp:term":[{"taxonomy":"product_brand","embeddable":true,"href":"https:\/\/www.rosafenster.ch\/fr\/wp-json\/wp\/v2\/product_brand?post=2453"},{"taxonomy":"product_cat","embeddable":true,"href":"https:\/\/www.rosafenster.ch\/fr\/wp-json\/wp\/v2\/product_cat?post=2453"},{"taxonomy":"product_tag","embeddable":true,"href":"https:\/\/www.rosafenster.ch\/fr\/wp-json\/wp\/v2\/product_tag?post=2453"}],"curies":[{"name":"wp","href":"https:\/\/api.w.org\/{rel}","templated":true}]}}