{"id":2454,"date":"2022-12-08T15:50:01","date_gmt":"2022-12-08T14:50:01","guid":{"rendered":"https:\/\/www.rosafenster.ch\/produkt\/non class\u00e9\/systeme-plisse-suspendu\/"},"modified":"2022-12-08T15:50:01","modified_gmt":"2022-12-08T14:50:01","slug":"systeme-plisse-suspendu","status":"publish","type":"product","link":"https:\/\/www.rosafenster.ch\/fr\/produkt\/store-plisse-pare-vue\/systeme-plisse-suspendu\/","title":{"rendered":"Syst\u00e8me pliss\u00e9 | suspendu"},"content":{"rendered":"<p>Le mod\u00e8le A des syst\u00e8mes de stores pliss\u00e9s Silent Gliss est id\u00e9al pour ombrager des surfaces rectangulaires ou des formes sp\u00e9ciales. Pour la commande, il est possible de choisir entre le cordon de traction, la cha\u00eene \u00e0 boules et l&rsquo;entra\u00eenement \u00e9lectrique.<\/p>\n","protected":false},"excerpt":{"rendered":"<p>Le mod\u00e8le A des syst\u00e8mes de stores pliss\u00e9s Silent Gliss est id\u00e9al pour ombrager des surfaces rectangulaires ou des formes sp\u00e9ciales. Pour la commande, il est possible de choisir entre le cordon de traction, la cha\u00eene \u00e0 boules et l&rsquo;entra\u00eenement \u00e9lectrique.<\/p>\n","protected":false},"featured_media":1143,"comment_status":"open","ping_status":"closed","template":"","meta":{"inline_featured_image":false},"product_brand":[],"product_cat":[142],"product_tag":[],"class_list":{"0":"post-2454","1":"product","2":"type-product","3":"status-publish","4":"has-post-thumbnail","6":"product_cat-store-plisse-pare-vue","8":"first","9":"instock","10":"taxable","11":"shipping-taxable","12":"product-type-simple"},"_links":{"self":[{"href":"https:\/\/www.rosafenster.ch\/fr\/wp-json\/wp\/v2\/product\/2454","targetHints":{"allow":["GET"]}}],"collection":[{"href":"https:\/\/www.rosafenster.ch\/fr\/wp-json\/wp\/v2\/product"}],"about":[{"href":"https:\/\/www.rosafenster.ch\/fr\/wp-json\/wp\/v2\/types\/product"}],"replies":[{"embeddable":true,"href":"https:\/\/www.rosafenster.ch\/fr\/wp-json\/wp\/v2\/comments?post=2454"}],"wp:featuredmedia":[{"embeddable":true,"href":"https:\/\/www.rosafenster.ch\/fr\/wp-json\/wp\/v2\/media\/1143"}],"wp:attachment":[{"href":"https:\/\/www.rosafenster.ch\/fr\/wp-json\/wp\/v2\/media?parent=2454"}],"wp:term":[{"taxonomy":"product_brand","embeddable":true,"href":"https:\/\/www.rosafenster.ch\/fr\/wp-json\/wp\/v2\/product_brand?post=2454"},{"taxonomy":"product_cat","embeddable":true,"href":"https:\/\/www.rosafenster.ch\/fr\/wp-json\/wp\/v2\/product_cat?post=2454"},{"taxonomy":"product_tag","embeddable":true,"href":"https:\/\/www.rosafenster.ch\/fr\/wp-json\/wp\/v2\/product_tag?post=2454"}],"curies":[{"name":"wp","href":"https:\/\/api.w.org\/{rel}","templated":true}]}}