{"id":2461,"date":"2022-12-08T16:16:38","date_gmt":"2022-12-08T15:16:38","guid":{"rendered":"https:\/\/www.rosafenster.ch\/produkt\/non class\u00e9\/store-de-fenetre\/"},"modified":"2022-12-08T16:16:38","modified_gmt":"2022-12-08T15:16:38","slug":"store-de-fenetre","status":"publish","type":"product","link":"https:\/\/www.rosafenster.ch\/fr\/produkt\/moustiquaire\/fenetre\/store-de-fenetre\/","title":{"rendered":"Store de fen\u00eatre"},"content":{"rendered":"<p>Qu&rsquo;il s&rsquo;agisse de l&rsquo;ouvrir ou de le fermer, un simple mouvement de la main suffit pour que le store standard soit toujours l\u00e0 o\u00f9 vous le souhaitez. Un frein \u00e0 ressort int\u00e9gr\u00e9 assure un enroulement doux et silencieux. La moustiquaire flexible est disponible en bo\u00eetes de diff\u00e9rentes tailles et peut, si n\u00e9cessaire, \u00eatre actionn\u00e9e par une cha\u00eene.<\/p>\n","protected":false},"excerpt":{"rendered":"<p>Qu&rsquo;il s&rsquo;agisse de l&rsquo;ouvrir ou de le fermer, un simple mouvement de la main suffit pour que le store standard soit toujours l\u00e0 o\u00f9 vous le souhaitez. Un frein \u00e0 ressort int\u00e9gr\u00e9 assure un enroulement doux et silencieux. La moustiquaire flexible est disponible en bo\u00eetes de diff\u00e9rentes tailles et peut, si n\u00e9cessaire, \u00eatre actionn\u00e9e par [&hellip;]<\/p>\n","protected":false},"featured_media":1153,"comment_status":"closed","ping_status":"open","template":"","meta":{"inline_featured_image":false},"product_brand":[],"product_cat":[111,113],"product_tag":[],"class_list":{"0":"post-2461","1":"product","2":"type-product","3":"status-publish","4":"has-post-thumbnail","6":"product_cat-moustiquaire","7":"product_cat-fenetre","9":"first","10":"instock","11":"taxable","12":"shipping-taxable","13":"product-type-simple"},"_links":{"self":[{"href":"https:\/\/www.rosafenster.ch\/fr\/wp-json\/wp\/v2\/product\/2461","targetHints":{"allow":["GET"]}}],"collection":[{"href":"https:\/\/www.rosafenster.ch\/fr\/wp-json\/wp\/v2\/product"}],"about":[{"href":"https:\/\/www.rosafenster.ch\/fr\/wp-json\/wp\/v2\/types\/product"}],"replies":[{"embeddable":true,"href":"https:\/\/www.rosafenster.ch\/fr\/wp-json\/wp\/v2\/comments?post=2461"}],"wp:featuredmedia":[{"embeddable":true,"href":"https:\/\/www.rosafenster.ch\/fr\/wp-json\/wp\/v2\/media\/1153"}],"wp:attachment":[{"href":"https:\/\/www.rosafenster.ch\/fr\/wp-json\/wp\/v2\/media?parent=2461"}],"wp:term":[{"taxonomy":"product_brand","embeddable":true,"href":"https:\/\/www.rosafenster.ch\/fr\/wp-json\/wp\/v2\/product_brand?post=2461"},{"taxonomy":"product_cat","embeddable":true,"href":"https:\/\/www.rosafenster.ch\/fr\/wp-json\/wp\/v2\/product_cat?post=2461"},{"taxonomy":"product_tag","embeddable":true,"href":"https:\/\/www.rosafenster.ch\/fr\/wp-json\/wp\/v2\/product_tag?post=2461"}],"curies":[{"name":"wp","href":"https:\/\/api.w.org\/{rel}","templated":true}]}}