{"id":2465,"date":"2022-12-08T16:16:38","date_gmt":"2022-12-08T15:16:38","guid":{"rendered":"https:\/\/www.rosafenster.ch\/produkt\/non class\u00e9\/soupirail\/"},"modified":"2022-12-08T16:16:38","modified_gmt":"2022-12-08T15:16:38","slug":"soupirail","status":"publish","type":"product","link":"https:\/\/www.rosafenster.ch\/fr\/produkt\/moustiquaire\/soupirail\/","title":{"rendered":"Soupirail"},"content":{"rendered":"<p>Les feuilles mortes, les insectes et autres petits animaux et le nettoyage fastidieux qui en r\u00e9sulte dans votre puits de cave vous d\u00e9rangent-ils ? Nos caches-axes optiques ultraplats sont en toile d&rsquo;acier inoxydable et se placent directement au-dessus de la grille existante, offrant ainsi une protection efficace et durable contre la poussi\u00e8re. En outre, nos couvertures robustes r\u00e9sistent aux intemp\u00e9ries, sont praticables et, si n\u00e9cessaire, sont m\u00eame carrossables.<\/p>\n","protected":false},"excerpt":{"rendered":"<p>Les feuilles mortes, les insectes et autres petits animaux et le nettoyage fastidieux qui en r\u00e9sulte dans votre puits de cave vous d\u00e9rangent-ils ? Nos caches-axes optiques ultraplats sont en toile d&rsquo;acier inoxydable et se placent directement au-dessus de la grille existante, offrant ainsi une protection efficace et durable contre la poussi\u00e8re. En outre, nos [&hellip;]<\/p>\n","protected":false},"featured_media":1183,"comment_status":"closed","ping_status":"open","template":"","meta":{"inline_featured_image":false},"product_brand":[],"product_cat":[111],"product_tag":[],"class_list":{"0":"post-2465","1":"product","2":"type-product","3":"status-publish","4":"has-post-thumbnail","6":"product_cat-moustiquaire","8":"first","9":"instock","10":"taxable","11":"shipping-taxable","12":"product-type-simple"},"_links":{"self":[{"href":"https:\/\/www.rosafenster.ch\/fr\/wp-json\/wp\/v2\/product\/2465","targetHints":{"allow":["GET"]}}],"collection":[{"href":"https:\/\/www.rosafenster.ch\/fr\/wp-json\/wp\/v2\/product"}],"about":[{"href":"https:\/\/www.rosafenster.ch\/fr\/wp-json\/wp\/v2\/types\/product"}],"replies":[{"embeddable":true,"href":"https:\/\/www.rosafenster.ch\/fr\/wp-json\/wp\/v2\/comments?post=2465"}],"wp:featuredmedia":[{"embeddable":true,"href":"https:\/\/www.rosafenster.ch\/fr\/wp-json\/wp\/v2\/media\/1183"}],"wp:attachment":[{"href":"https:\/\/www.rosafenster.ch\/fr\/wp-json\/wp\/v2\/media?parent=2465"}],"wp:term":[{"taxonomy":"product_brand","embeddable":true,"href":"https:\/\/www.rosafenster.ch\/fr\/wp-json\/wp\/v2\/product_brand?post=2465"},{"taxonomy":"product_cat","embeddable":true,"href":"https:\/\/www.rosafenster.ch\/fr\/wp-json\/wp\/v2\/product_cat?post=2465"},{"taxonomy":"product_tag","embeddable":true,"href":"https:\/\/www.rosafenster.ch\/fr\/wp-json\/wp\/v2\/product_tag?post=2465"}],"curies":[{"name":"wp","href":"https:\/\/api.w.org\/{rel}","templated":true}]}}