{"id":2477,"date":"2022-12-09T11:54:31","date_gmt":"2022-12-09T10:54:31","guid":{"rendered":"https:\/\/www.rosafenster.ch\/produkt\/non%20class\u00e9\/cloison-en-verre-verre-depoli\/"},"modified":"2026-02-05T11:15:21","modified_gmt":"2026-02-05T10:15:21","slug":"cloison-en-verre-verre-depoli","status":"publish","type":"product","link":"https:\/\/www.rosafenster.ch\/fr\/produkt\/cloison-en-verre\/cloison-en-verre-verre-depoli\/","title":{"rendered":"Cloison en verre | Verre d\u00e9poli"},"content":{"rendered":"<p>Qu&rsquo;il s&rsquo;agisse de mode, de style ou tout simplement de beaut\u00e9, une cloison en verre est convaincante. Que ce soit dans le domaine sanitaire ou comme s\u00e9paration individuelle d&rsquo;une pi\u00e8ce. Rosa Fenster GmbH vous offre la possibilit\u00e9, en tant que ma\u00eetre d&rsquo;ouvrage, architecte d&rsquo;int\u00e9rieur ou installateur sanitaire, de profiter d&rsquo;excellentes conditions pour des fabrications sur mesure.<br \/>\nNous r\u00e9alisons des fabrications individuelles sur mesure et proposons diff\u00e9rentes qualit\u00e9s de s\u00e9curit\u00e9 &#8211; dans tous les cas, en standard, avec du verre de s\u00e9curit\u00e9 feuillet\u00e9.<br \/>\nContactez-nous sans engagement, nous nous ferons un plaisir de vous conseiller de mani\u00e8re professionnelle et compl\u00e8te, sans aucun engagement.<\/p>\n","protected":false},"excerpt":{"rendered":"<p>Qu&rsquo;il s&rsquo;agisse de mode, de style ou tout simplement de beaut\u00e9, une cloison en verre est convaincante. Que ce soit dans le domaine sanitaire ou comme s\u00e9paration individuelle d&rsquo;une pi\u00e8ce. Rosa Fenster GmbH vous offre la possibilit\u00e9, en tant que ma\u00eetre d&rsquo;ouvrage, architecte d&rsquo;int\u00e9rieur ou installateur sanitaire, de profiter d&rsquo;excellentes conditions pour des fabrications sur [&hellip;]<\/p>\n","protected":false},"featured_media":1208,"comment_status":"closed","ping_status":"closed","template":"","meta":{"inline_featured_image":false},"product_brand":[],"product_cat":[157],"product_tag":[],"class_list":{"0":"post-2477","1":"product","2":"type-product","3":"status-publish","4":"has-post-thumbnail","6":"product_cat-cloison-en-verre","8":"first","9":"instock","10":"taxable","11":"shipping-taxable","12":"product-type-simple"},"_links":{"self":[{"href":"https:\/\/www.rosafenster.ch\/fr\/wp-json\/wp\/v2\/product\/2477","targetHints":{"allow":["GET"]}}],"collection":[{"href":"https:\/\/www.rosafenster.ch\/fr\/wp-json\/wp\/v2\/product"}],"about":[{"href":"https:\/\/www.rosafenster.ch\/fr\/wp-json\/wp\/v2\/types\/product"}],"replies":[{"embeddable":true,"href":"https:\/\/www.rosafenster.ch\/fr\/wp-json\/wp\/v2\/comments?post=2477"}],"wp:featuredmedia":[{"embeddable":true,"href":"https:\/\/www.rosafenster.ch\/fr\/wp-json\/wp\/v2\/media\/1208"}],"wp:attachment":[{"href":"https:\/\/www.rosafenster.ch\/fr\/wp-json\/wp\/v2\/media?parent=2477"}],"wp:term":[{"taxonomy":"product_brand","embeddable":true,"href":"https:\/\/www.rosafenster.ch\/fr\/wp-json\/wp\/v2\/product_brand?post=2477"},{"taxonomy":"product_cat","embeddable":true,"href":"https:\/\/www.rosafenster.ch\/fr\/wp-json\/wp\/v2\/product_cat?post=2477"},{"taxonomy":"product_tag","embeddable":true,"href":"https:\/\/www.rosafenster.ch\/fr\/wp-json\/wp\/v2\/product_tag?post=2477"}],"curies":[{"name":"wp","href":"https:\/\/api.w.org\/{rel}","templated":true}]}}