{"id":2487,"date":"2023-01-25T21:29:32","date_gmt":"2023-01-25T20:29:32","guid":{"rendered":"https:\/\/www.rosafenster.ch\/produkt\/non class\u00e9\/porte-metallique-en-bois-de-meleze\/"},"modified":"2023-01-25T21:29:32","modified_gmt":"2023-01-25T20:29:32","slug":"porte-metallique-en-bois-de-meleze","status":"publish","type":"product","link":"https:\/\/www.rosafenster.ch\/fr\/produkt\/portes-dentree-et-portes-coupe-feu\/bois-metal-fr\/porte-metallique-en-bois-de-meleze\/","title":{"rendered":"Porte m\u00e9tallique en bois de m\u00e9l\u00e8ze"},"content":{"rendered":"<p>Le m\u00e9l\u00e8ze est un mat\u00e9riau tr\u00e8s appr\u00e9ci\u00e9 pour les portes d&rsquo;entr\u00e9e, car il est robuste, durable et d&rsquo;aspect attrayant. Il s&rsquo;agit d&rsquo;un mat\u00e9riau naturel et \u00e9cologique, issu de m\u00e9l\u00e8zes qui poussent dans les r\u00e9gions septentrionales d&rsquo;Europe et d&rsquo;Am\u00e9rique du Nord. Le bois de m\u00e9l\u00e8ze est tr\u00e8s r\u00e9sistant aux intemp\u00e9ries et poss\u00e8de une r\u00e9sistance naturelle aux insectes et aux champignons. Il est \u00e9galement facile \u00e0 travailler et peut \u00eatre con\u00e7u dans de nombreux styles et designs diff\u00e9rents. Une porte d&rsquo;entr\u00e9e en m\u00e9l\u00e8ze conf\u00e8re \u00e0 votre maison une atmosph\u00e8re chaleureuse et accueillante et peut contribuer \u00e0 am\u00e9liorer l&rsquo;efficacit\u00e9 \u00e9nerg\u00e9tique de votre maison. Dans l&rsquo;ensemble, une porte d&rsquo;entr\u00e9e en m\u00e9l\u00e8ze est un excellent choix pour tous ceux qui attachent de l&rsquo;importance \u00e0 la qualit\u00e9 et \u00e0 la durabilit\u00e9.<\/p>\n<p>Les portes d&rsquo;entr\u00e9e en bois \u00e0 l&rsquo;aspect m\u00e9tallique sont une alternative int\u00e9ressante aux portes en bois traditionnelles et offrent une combinaison de bois naturel et de m\u00e9tal moderne. Ces portes sont souvent fabriqu\u00e9es en ajoutant \u00e0 un cadre en bois des rev\u00eatements m\u00e9talliques qui sont soit appliqu\u00e9s sur la porte, soit encastr\u00e9s dans la porte.<\/p>\n<p>Ce type de porte offre un certain nombre d&rsquo;avantages. Tout d&rsquo;abord, l&rsquo;aspect m\u00e9tallique de la porte ajoute une touche moderne et contemporaine qui souligne la beaut\u00e9 du bois naturel. Deuxi\u00e8mement, le rev\u00eatement m\u00e9tallique offre une protection suppl\u00e9mentaire \u00e0 la porte en bois et augmente la durabilit\u00e9 et la long\u00e9vit\u00e9 de la porte. Troisi\u00e8mement, le rev\u00eatement m\u00e9tallique offre une protection suppl\u00e9mentaire contre les cambrioleurs et augmente la s\u00e9curit\u00e9 de la maison.<\/p>\n","protected":false},"excerpt":{"rendered":"<p>Le m\u00e9l\u00e8ze est un mat\u00e9riau tr\u00e8s appr\u00e9ci\u00e9 pour les portes d&rsquo;entr\u00e9e, car il est robuste, durable et d&rsquo;aspect attrayant. Il s&rsquo;agit d&rsquo;un mat\u00e9riau naturel et \u00e9cologique, issu de m\u00e9l\u00e8zes qui poussent dans les r\u00e9gions septentrionales d&rsquo;Europe et d&rsquo;Am\u00e9rique du Nord. Le bois de m\u00e9l\u00e8ze est tr\u00e8s r\u00e9sistant aux intemp\u00e9ries et poss\u00e8de une r\u00e9sistance naturelle aux [&hellip;]<\/p>\n","protected":false},"featured_media":1343,"comment_status":"closed","ping_status":"open","template":"","meta":{"inline_featured_image":false},"product_brand":[],"product_cat":[161,162],"product_tag":[],"class_list":{"0":"post-2487","1":"product","2":"type-product","3":"status-publish","4":"has-post-thumbnail","6":"product_cat-portes-dentree-et-portes-coupe-feu","7":"product_cat-bois-metal-fr","9":"first","10":"instock","11":"taxable","12":"shipping-taxable","13":"product-type-simple"},"_links":{"self":[{"href":"https:\/\/www.rosafenster.ch\/fr\/wp-json\/wp\/v2\/product\/2487","targetHints":{"allow":["GET"]}}],"collection":[{"href":"https:\/\/www.rosafenster.ch\/fr\/wp-json\/wp\/v2\/product"}],"about":[{"href":"https:\/\/www.rosafenster.ch\/fr\/wp-json\/wp\/v2\/types\/product"}],"replies":[{"embeddable":true,"href":"https:\/\/www.rosafenster.ch\/fr\/wp-json\/wp\/v2\/comments?post=2487"}],"wp:featuredmedia":[{"embeddable":true,"href":"https:\/\/www.rosafenster.ch\/fr\/wp-json\/wp\/v2\/media\/1343"}],"wp:attachment":[{"href":"https:\/\/www.rosafenster.ch\/fr\/wp-json\/wp\/v2\/media?parent=2487"}],"wp:term":[{"taxonomy":"product_brand","embeddable":true,"href":"https:\/\/www.rosafenster.ch\/fr\/wp-json\/wp\/v2\/product_brand?post=2487"},{"taxonomy":"product_cat","embeddable":true,"href":"https:\/\/www.rosafenster.ch\/fr\/wp-json\/wp\/v2\/product_cat?post=2487"},{"taxonomy":"product_tag","embeddable":true,"href":"https:\/\/www.rosafenster.ch\/fr\/wp-json\/wp\/v2\/product_tag?post=2487"}],"curies":[{"name":"wp","href":"https:\/\/api.w.org\/{rel}","templated":true}]}}