{"id":2495,"date":"2023-01-25T21:29:32","date_gmt":"2023-01-25T20:29:32","guid":{"rendered":"https:\/\/www.rosafenster.ch\/produkt\/non class\u00e9\/fenetre-en-bois-exotique\/"},"modified":"2023-01-25T21:29:32","modified_gmt":"2023-01-25T20:29:32","slug":"fenetre-en-bois-exotique","status":"publish","type":"product","link":"https:\/\/www.rosafenster.ch\/fr\/produkt\/fenetre-fr\/bois\/fenetre-en-bois-exotique\/","title":{"rendered":"Fen\u00eatre en bois exotique"},"content":{"rendered":"<p>Les fen\u00eatres en bois exotique sont des fen\u00eatres fabriqu\u00e9es \u00e0 partir d&rsquo;essences de bois exotiques telles que le teck, l&rsquo;acajou, le ch\u00eane, le noyer et le ch\u00e2taignier. Ils offrent un aspect particuli\u00e8rement haut de gamme avec une tr\u00e8s bonne isolation thermique et acoustique. Comme ils sont tr\u00e8s robustes et durables, ils sont volontiers utilis\u00e9s dans les b\u00e2timents de tr\u00e8s grande qualit\u00e9.<\/p>\n","protected":false},"excerpt":{"rendered":"<p>Les fen\u00eatres en bois exotique sont des fen\u00eatres fabriqu\u00e9es \u00e0 partir d&rsquo;essences de bois exotiques telles que le teck, l&rsquo;acajou, le ch\u00eane, le noyer et le ch\u00e2taignier. Ils offrent un aspect particuli\u00e8rement haut de gamme avec une tr\u00e8s bonne isolation thermique et acoustique. Comme ils sont tr\u00e8s robustes et durables, ils sont volontiers utilis\u00e9s dans [&hellip;]<\/p>\n","protected":false},"featured_media":1302,"comment_status":"closed","ping_status":"open","template":"","meta":{"inline_featured_image":false},"product_brand":[],"product_cat":[135,138],"product_tag":[],"class_list":{"0":"post-2495","1":"product","2":"type-product","3":"status-publish","4":"has-post-thumbnail","6":"product_cat-fenetre-fr","7":"product_cat-bois","9":"first","10":"instock","11":"taxable","12":"shipping-taxable","13":"product-type-simple"},"_links":{"self":[{"href":"https:\/\/www.rosafenster.ch\/fr\/wp-json\/wp\/v2\/product\/2495","targetHints":{"allow":["GET"]}}],"collection":[{"href":"https:\/\/www.rosafenster.ch\/fr\/wp-json\/wp\/v2\/product"}],"about":[{"href":"https:\/\/www.rosafenster.ch\/fr\/wp-json\/wp\/v2\/types\/product"}],"replies":[{"embeddable":true,"href":"https:\/\/www.rosafenster.ch\/fr\/wp-json\/wp\/v2\/comments?post=2495"}],"wp:featuredmedia":[{"embeddable":true,"href":"https:\/\/www.rosafenster.ch\/fr\/wp-json\/wp\/v2\/media\/1302"}],"wp:attachment":[{"href":"https:\/\/www.rosafenster.ch\/fr\/wp-json\/wp\/v2\/media?parent=2495"}],"wp:term":[{"taxonomy":"product_brand","embeddable":true,"href":"https:\/\/www.rosafenster.ch\/fr\/wp-json\/wp\/v2\/product_brand?post=2495"},{"taxonomy":"product_cat","embeddable":true,"href":"https:\/\/www.rosafenster.ch\/fr\/wp-json\/wp\/v2\/product_cat?post=2495"},{"taxonomy":"product_tag","embeddable":true,"href":"https:\/\/www.rosafenster.ch\/fr\/wp-json\/wp\/v2\/product_tag?post=2495"}],"curies":[{"name":"wp","href":"https:\/\/api.w.org\/{rel}","templated":true}]}}