{"id":2499,"date":"2023-01-25T21:29:32","date_gmt":"2023-01-25T20:29:32","guid":{"rendered":"https:\/\/www.rosafenster.ch\/produkt\/non class\u00e9\/porte-en-bois-exotique-et-metal\/"},"modified":"2023-01-25T21:29:32","modified_gmt":"2023-01-25T20:29:32","slug":"porte-en-bois-exotique-et-metal","status":"publish","type":"product","link":"https:\/\/www.rosafenster.ch\/fr\/produkt\/portes-dentree-et-portes-coupe-feu\/bois-metal-fr\/porte-en-bois-exotique-et-metal\/","title":{"rendered":"Porte en bois exotique et m\u00e9tal"},"content":{"rendered":"<p>Les portes en bois exotique sont un choix populaire pour les personnes qui recherchent un aspect exceptionnel et luxueux pour leurs portes d&rsquo;entr\u00e9e. Les bois exotiques, tels que le teck, l&rsquo;acajou, le merbau et le weng\u00e9, sont connus pour leur beaut\u00e9 et leur veinage unique. Ils ont souvent une couleur profonde et une texture distinctive qui rend chaque porte unique et attrayante.<\/p>\n<p>Les bois exotiques sont \u00e9galement tr\u00e8s durables et r\u00e9sistants aux intemp\u00e9ries, aux insectes et aux champignons. Cependant, ils sont g\u00e9n\u00e9ralement plus chers que les bois locaux, car ils doivent souvent \u00eatre import\u00e9s de r\u00e9gions lointaines. Certains bois exotiques sont \u00e9galement prot\u00e9g\u00e9s et leur exploitation foresti\u00e8re est limit\u00e9e.<\/p>\n<p>Les portes d&rsquo;entr\u00e9e en bois \u00e0 l&rsquo;aspect m\u00e9tallique sont une alternative int\u00e9ressante aux portes en bois traditionnelles et offrent une combinaison de bois naturel et de m\u00e9tal moderne. Ces portes sont souvent fabriqu\u00e9es en ajoutant \u00e0 un cadre en bois des rev\u00eatements m\u00e9talliques qui sont soit appliqu\u00e9s sur la porte, soit encastr\u00e9s dans la porte.<\/p>\n<p>Ce type de porte offre un certain nombre d&rsquo;avantages. Tout d&rsquo;abord, l&rsquo;aspect m\u00e9tallique de la porte ajoute une touche moderne et contemporaine qui souligne la beaut\u00e9 du bois naturel. Deuxi\u00e8mement, le rev\u00eatement m\u00e9tallique offre une protection suppl\u00e9mentaire \u00e0 la porte en bois et augmente la durabilit\u00e9 et la long\u00e9vit\u00e9 de la porte. Troisi\u00e8mement, le rev\u00eatement m\u00e9tallique offre une protection suppl\u00e9mentaire contre les cambrioleurs et augmente la s\u00e9curit\u00e9 de la maison.<\/p>\n","protected":false},"excerpt":{"rendered":"<p>Les portes en bois exotique sont un choix populaire pour les personnes qui recherchent un aspect exceptionnel et luxueux pour leurs portes d&rsquo;entr\u00e9e. Les bois exotiques, tels que le teck, l&rsquo;acajou, le merbau et le weng\u00e9, sont connus pour leur beaut\u00e9 et leur veinage unique. Ils ont souvent une couleur profonde et une texture distinctive [&hellip;]<\/p>\n","protected":false},"featured_media":1337,"comment_status":"closed","ping_status":"open","template":"","meta":{"inline_featured_image":false},"product_brand":[],"product_cat":[161,162],"product_tag":[],"class_list":{"0":"post-2499","1":"product","2":"type-product","3":"status-publish","4":"has-post-thumbnail","6":"product_cat-portes-dentree-et-portes-coupe-feu","7":"product_cat-bois-metal-fr","9":"first","10":"instock","11":"taxable","12":"shipping-taxable","13":"product-type-simple"},"_links":{"self":[{"href":"https:\/\/www.rosafenster.ch\/fr\/wp-json\/wp\/v2\/product\/2499","targetHints":{"allow":["GET"]}}],"collection":[{"href":"https:\/\/www.rosafenster.ch\/fr\/wp-json\/wp\/v2\/product"}],"about":[{"href":"https:\/\/www.rosafenster.ch\/fr\/wp-json\/wp\/v2\/types\/product"}],"replies":[{"embeddable":true,"href":"https:\/\/www.rosafenster.ch\/fr\/wp-json\/wp\/v2\/comments?post=2499"}],"wp:featuredmedia":[{"embeddable":true,"href":"https:\/\/www.rosafenster.ch\/fr\/wp-json\/wp\/v2\/media\/1337"}],"wp:attachment":[{"href":"https:\/\/www.rosafenster.ch\/fr\/wp-json\/wp\/v2\/media?parent=2499"}],"wp:term":[{"taxonomy":"product_brand","embeddable":true,"href":"https:\/\/www.rosafenster.ch\/fr\/wp-json\/wp\/v2\/product_brand?post=2499"},{"taxonomy":"product_cat","embeddable":true,"href":"https:\/\/www.rosafenster.ch\/fr\/wp-json\/wp\/v2\/product_cat?post=2499"},{"taxonomy":"product_tag","embeddable":true,"href":"https:\/\/www.rosafenster.ch\/fr\/wp-json\/wp\/v2\/product_tag?post=2499"}],"curies":[{"name":"wp","href":"https:\/\/api.w.org\/{rel}","templated":true}]}}