{"id":2500,"date":"2023-01-25T21:29:32","date_gmt":"2023-01-25T20:29:32","guid":{"rendered":"https:\/\/www.rosafenster.ch\/produkt\/non class\u00e9\/fenetres-en-chene\/"},"modified":"2023-01-25T21:29:32","modified_gmt":"2023-01-25T20:29:32","slug":"fenetres-en-chene","status":"publish","type":"product","link":"https:\/\/www.rosafenster.ch\/fr\/produkt\/fenetre-fr\/bois\/fenetres-en-chene\/","title":{"rendered":"Fen\u00eatres en ch\u00eane"},"content":{"rendered":"<p>Les fen\u00eatres en ch\u00eane sont un type de cadre de fen\u00eatre de haute qualit\u00e9, fabriqu\u00e9 \u00e0 partir de bois de ch\u00eane robuste et durable. Ils sont stables et peuvent offrir une excellente isolation thermique et acoustique. Les fen\u00eatres en ch\u00eane sont id\u00e9ales pour cr\u00e9er une ambiance traditionnelle et sont g\u00e9n\u00e9ralement utilis\u00e9es dans les b\u00e2timents et les maisons plus anciens. Cependant, ils sont \u00e9galement un bon choix pour les b\u00e2timents modernes et peuvent donner un aspect unique et \u00e9l\u00e9gant. Les fen\u00eatres en ch\u00eane sont tr\u00e8s solides et peuvent prot\u00e9ger du vent et des intemp\u00e9ries. Bien qu&rsquo;ils puissent \u00eatre un peu plus chers que d&rsquo;autres cadres de fen\u00eatres, ils offrent une tr\u00e8s longue dur\u00e9e de vie et ne sont g\u00e9n\u00e9ralement install\u00e9s qu&rsquo;une seule fois.<\/p>\n","protected":false},"excerpt":{"rendered":"<p>Les fen\u00eatres en ch\u00eane sont un type de cadre de fen\u00eatre de haute qualit\u00e9, fabriqu\u00e9 \u00e0 partir de bois de ch\u00eane robuste et durable. Ils sont stables et peuvent offrir une excellente isolation thermique et acoustique. Les fen\u00eatres en ch\u00eane sont id\u00e9ales pour cr\u00e9er une ambiance traditionnelle et sont g\u00e9n\u00e9ralement utilis\u00e9es dans les b\u00e2timents et [&hellip;]<\/p>\n","protected":false},"featured_media":1331,"comment_status":"closed","ping_status":"open","template":"","meta":{"inline_featured_image":false},"product_brand":[],"product_cat":[135,138],"product_tag":[],"class_list":{"0":"post-2500","1":"product","2":"type-product","3":"status-publish","4":"has-post-thumbnail","6":"product_cat-fenetre-fr","7":"product_cat-bois","9":"first","10":"instock","11":"taxable","12":"shipping-taxable","13":"product-type-simple"},"_links":{"self":[{"href":"https:\/\/www.rosafenster.ch\/fr\/wp-json\/wp\/v2\/product\/2500","targetHints":{"allow":["GET"]}}],"collection":[{"href":"https:\/\/www.rosafenster.ch\/fr\/wp-json\/wp\/v2\/product"}],"about":[{"href":"https:\/\/www.rosafenster.ch\/fr\/wp-json\/wp\/v2\/types\/product"}],"replies":[{"embeddable":true,"href":"https:\/\/www.rosafenster.ch\/fr\/wp-json\/wp\/v2\/comments?post=2500"}],"wp:featuredmedia":[{"embeddable":true,"href":"https:\/\/www.rosafenster.ch\/fr\/wp-json\/wp\/v2\/media\/1331"}],"wp:attachment":[{"href":"https:\/\/www.rosafenster.ch\/fr\/wp-json\/wp\/v2\/media?parent=2500"}],"wp:term":[{"taxonomy":"product_brand","embeddable":true,"href":"https:\/\/www.rosafenster.ch\/fr\/wp-json\/wp\/v2\/product_brand?post=2500"},{"taxonomy":"product_cat","embeddable":true,"href":"https:\/\/www.rosafenster.ch\/fr\/wp-json\/wp\/v2\/product_cat?post=2500"},{"taxonomy":"product_tag","embeddable":true,"href":"https:\/\/www.rosafenster.ch\/fr\/wp-json\/wp\/v2\/product_tag?post=2500"}],"curies":[{"name":"wp","href":"https:\/\/api.w.org\/{rel}","templated":true}]}}