{"id":2510,"date":"2023-01-25T21:29:32","date_gmt":"2023-01-25T20:29:32","guid":{"rendered":"https:\/\/www.rosafenster.ch\/produkt\/non class\u00e9\/fenetres-en-meleze\/"},"modified":"2023-01-25T21:29:32","modified_gmt":"2023-01-25T20:29:32","slug":"fenetres-en-meleze","status":"publish","type":"product","link":"https:\/\/www.rosafenster.ch\/fr\/produkt\/fenetre-fr\/bois\/fenetres-en-meleze\/","title":{"rendered":"Fen\u00eatres en m\u00e9l\u00e8ze"},"content":{"rendered":"<p>Les fen\u00eatres en m\u00e9l\u00e8ze offrent un certain nombre d&rsquo;avantages. Ils sont tr\u00e8s robustes et durables, ce qui signifie qu&rsquo;ils fonctionneront bien pendant de nombreuses ann\u00e9es, quelles que soient les conditions m\u00e9t\u00e9orologiques. Ils sont \u00e9galement g\u00e9n\u00e9ralement faciles \u00e0 nettoyer et peuvent avoir diff\u00e9rents types de verre et des couleurs plus sombres qui leur donnent l&rsquo;air de faire partie de l&rsquo;architecture du b\u00e2timent. Les fen\u00eatres en m\u00e9l\u00e8ze sont \u00e9galement des isolants thermiques, ce qui permet de r\u00e9duire les co\u00fbts \u00e9nerg\u00e9tiques en gardant le froid en hiver et la chaleur en \u00e9t\u00e9. En outre, ils peuvent \u00eatre facilement adapt\u00e9s \u00e0 diff\u00e9rents b\u00e2timents, de sorte qu&rsquo;ils peuvent \u00eatre utilis\u00e9s dans presque tous les b\u00e2timents du march\u00e9.<\/p>\n","protected":false},"excerpt":{"rendered":"<p>Les fen\u00eatres en m\u00e9l\u00e8ze offrent un certain nombre d&rsquo;avantages. Ils sont tr\u00e8s robustes et durables, ce qui signifie qu&rsquo;ils fonctionneront bien pendant de nombreuses ann\u00e9es, quelles que soient les conditions m\u00e9t\u00e9orologiques. Ils sont \u00e9galement g\u00e9n\u00e9ralement faciles \u00e0 nettoyer et peuvent avoir diff\u00e9rents types de verre et des couleurs plus sombres qui leur donnent l&rsquo;air de [&hellip;]<\/p>\n","protected":false},"featured_media":1298,"comment_status":"closed","ping_status":"open","template":"","meta":{"inline_featured_image":false},"product_brand":[],"product_cat":[135,138],"product_tag":[],"class_list":{"0":"post-2510","1":"product","2":"type-product","3":"status-publish","4":"has-post-thumbnail","6":"product_cat-fenetre-fr","7":"product_cat-bois","9":"first","10":"instock","11":"taxable","12":"shipping-taxable","13":"product-type-simple"},"_links":{"self":[{"href":"https:\/\/www.rosafenster.ch\/fr\/wp-json\/wp\/v2\/product\/2510","targetHints":{"allow":["GET"]}}],"collection":[{"href":"https:\/\/www.rosafenster.ch\/fr\/wp-json\/wp\/v2\/product"}],"about":[{"href":"https:\/\/www.rosafenster.ch\/fr\/wp-json\/wp\/v2\/types\/product"}],"replies":[{"embeddable":true,"href":"https:\/\/www.rosafenster.ch\/fr\/wp-json\/wp\/v2\/comments?post=2510"}],"wp:featuredmedia":[{"embeddable":true,"href":"https:\/\/www.rosafenster.ch\/fr\/wp-json\/wp\/v2\/media\/1298"}],"wp:attachment":[{"href":"https:\/\/www.rosafenster.ch\/fr\/wp-json\/wp\/v2\/media?parent=2510"}],"wp:term":[{"taxonomy":"product_brand","embeddable":true,"href":"https:\/\/www.rosafenster.ch\/fr\/wp-json\/wp\/v2\/product_brand?post=2510"},{"taxonomy":"product_cat","embeddable":true,"href":"https:\/\/www.rosafenster.ch\/fr\/wp-json\/wp\/v2\/product_cat?post=2510"},{"taxonomy":"product_tag","embeddable":true,"href":"https:\/\/www.rosafenster.ch\/fr\/wp-json\/wp\/v2\/product_tag?post=2510"}],"curies":[{"name":"wp","href":"https:\/\/api.w.org\/{rel}","templated":true}]}}