{"id":2523,"date":"2022-12-14T10:33:43","date_gmt":"2022-12-14T09:33:43","guid":{"rendered":"https:\/\/www.rosafenster.ch\/produkt\/non class\u00e9\/fenetres-metalliques-en-meleze\/"},"modified":"2022-12-14T10:33:43","modified_gmt":"2022-12-14T09:33:43","slug":"fenetres-metalliques-en-meleze","status":"publish","type":"product","link":"https:\/\/www.rosafenster.ch\/fr\/produkt\/fenetre-fr\/bois-metal-fr-2\/fenetres-metalliques-en-meleze\/","title":{"rendered":"Fen\u00eatres m\u00e9talliques en m\u00e9l\u00e8ze"},"content":{"rendered":"<p>Les fen\u00eatres bois-m\u00e9tal allient confort, facilit\u00e9 d&rsquo;entretien, qualit\u00e9 \u00e9cologique et possibilit\u00e9s individuelles de couleur et de conception. Cette fusion de mati\u00e8res premi\u00e8res fait que l&rsquo;aspect intemporel restera moderne et appr\u00e9ci\u00e9 \u00e0 l&rsquo;avenir. Les valeurs techniques ont ici \u00e9t\u00e9 optimis\u00e9es au maximum, ce qui donne une fen\u00eatre qui r\u00e9pond aux plus hautes exigences. La couleur du m\u00e9tal peut \u00eatre choisie en fonction des besoins.<br \/>\nChez Rosa Fenster GmbH, nous fabriquons les fen\u00eatres bois-m\u00e9tal chez nous, \u00e0 Busswil pr\u00e8s de Lyss. Nos fabrications en bois de m\u00e9l\u00e8ze conviennent surtout aux constructions existantes ou aux nouveaux projets de construction.<br \/>\nQu&rsquo;il s&rsquo;agisse de planches de terrasse, de meubles de jardin, de cl\u00f4tures, de construction de toitures ou de bateaux, le bois de m\u00e9l\u00e8ze peut \u00eatre utilis\u00e9 dans de nombreuses applications en raison de ses excellentes propri\u00e9t\u00e9s. Le grand avantage du bois rouge\u00e2tre : sa long\u00e9vit\u00e9 et sa r\u00e9sistance aux intemp\u00e9ries.<\/p>\n","protected":false},"excerpt":{"rendered":"<p>Les fen\u00eatres bois-m\u00e9tal allient confort, facilit\u00e9 d&rsquo;entretien, qualit\u00e9 \u00e9cologique et possibilit\u00e9s individuelles de couleur et de conception. Cette fusion de mati\u00e8res premi\u00e8res fait que l&rsquo;aspect intemporel restera moderne et appr\u00e9ci\u00e9 \u00e0 l&rsquo;avenir. Les valeurs techniques ont ici \u00e9t\u00e9 optimis\u00e9es au maximum, ce qui donne une fen\u00eatre qui r\u00e9pond aux plus hautes exigences. La couleur du [&hellip;]<\/p>\n","protected":false},"featured_media":1304,"comment_status":"closed","ping_status":"closed","template":"","meta":{"inline_featured_image":false},"product_brand":[],"product_cat":[135,169],"product_tag":[],"class_list":{"0":"post-2523","1":"product","2":"type-product","3":"status-publish","4":"has-post-thumbnail","6":"product_cat-fenetre-fr","7":"product_cat-bois-metal-fr-2","9":"first","10":"instock","11":"taxable","12":"shipping-taxable","13":"product-type-simple"},"_links":{"self":[{"href":"https:\/\/www.rosafenster.ch\/fr\/wp-json\/wp\/v2\/product\/2523","targetHints":{"allow":["GET"]}}],"collection":[{"href":"https:\/\/www.rosafenster.ch\/fr\/wp-json\/wp\/v2\/product"}],"about":[{"href":"https:\/\/www.rosafenster.ch\/fr\/wp-json\/wp\/v2\/types\/product"}],"replies":[{"embeddable":true,"href":"https:\/\/www.rosafenster.ch\/fr\/wp-json\/wp\/v2\/comments?post=2523"}],"wp:featuredmedia":[{"embeddable":true,"href":"https:\/\/www.rosafenster.ch\/fr\/wp-json\/wp\/v2\/media\/1304"}],"wp:attachment":[{"href":"https:\/\/www.rosafenster.ch\/fr\/wp-json\/wp\/v2\/media?parent=2523"}],"wp:term":[{"taxonomy":"product_brand","embeddable":true,"href":"https:\/\/www.rosafenster.ch\/fr\/wp-json\/wp\/v2\/product_brand?post=2523"},{"taxonomy":"product_cat","embeddable":true,"href":"https:\/\/www.rosafenster.ch\/fr\/wp-json\/wp\/v2\/product_cat?post=2523"},{"taxonomy":"product_tag","embeddable":true,"href":"https:\/\/www.rosafenster.ch\/fr\/wp-json\/wp\/v2\/product_tag?post=2523"}],"curies":[{"name":"wp","href":"https:\/\/api.w.org\/{rel}","templated":true}]}}