{"id":2537,"date":"2022-12-09T11:54:31","date_gmt":"2022-12-09T10:54:31","guid":{"rendered":"https:\/\/www.rosafenster.ch\/produkt\/non class\u00e9\/porte-en-sapin\/"},"modified":"2022-12-09T11:54:31","modified_gmt":"2022-12-09T10:54:31","slug":"porte-en-sapin","status":"publish","type":"product","link":"https:\/\/www.rosafenster.ch\/fr\/produkt\/portes-dentree-et-portes-coupe-feu\/bois-fr-2\/porte-en-sapin\/","title":{"rendered":"Porte en sapin"},"content":{"rendered":"<p>Qu&rsquo;il s&rsquo;agisse de portes ext\u00e9rieures ou int\u00e9rieures, de portes d&rsquo;entr\u00e9e, de portes coupe-feu ou de portes \u00e0 cadre, vous trouverez chez nous la porte en bois de vos r\u00eaves. Le bois n&rsquo;a rien \u00e0 envier au m\u00e9tal ou au plastique. Gr\u00e2ce aux technologies de fabrication de haute qualit\u00e9, les portes en bois font toujours partie d&rsquo;une offre compl\u00e8te. Le bois, en tant que mat\u00e9riau de base, offre une bonne isolation thermique, une excellente protection contre les effractions et s\u00e9duit g\u00e9n\u00e9ralement par ses veines \u00e0 l&rsquo;aspect unique. Absolument inoffensives d&rsquo;un point de vue \u00e9cologique, nos portes en bois offrent en outre une empreinte \u00e9cologique s\u00e9duisante.<br \/>\nChez Rosa Fenster GmbH, nous fabriquons les portes en bois chez nous, \u00e0 Busswil pr\u00e8s de Lyss. Nos fabrications en bois de sapin conviennent surtout aux constructions existantes ou aux nouveaux projets de construction. Le bois de sapin est plus r\u00e9sistant \u00e0 l&rsquo;humidit\u00e9 et donc aux acides et aux bases. L&rsquo;un des avantages du sapin est \u00e9galement qu&rsquo;il ne peut pas y avoir de fuite de r\u00e9sine. Le sapin ne poss\u00e8de pas de canaux de r\u00e9sine qui en seraient la cause.<\/p>\n","protected":false},"excerpt":{"rendered":"<p>Qu&rsquo;il s&rsquo;agisse de portes ext\u00e9rieures ou int\u00e9rieures, de portes d&rsquo;entr\u00e9e, de portes coupe-feu ou de portes \u00e0 cadre, vous trouverez chez nous la porte en bois de vos r\u00eaves. Le bois n&rsquo;a rien \u00e0 envier au m\u00e9tal ou au plastique. Gr\u00e2ce aux technologies de fabrication de haute qualit\u00e9, les portes en bois font toujours partie [&hellip;]<\/p>\n","protected":false},"featured_media":1288,"comment_status":"closed","ping_status":"closed","template":"","meta":{"inline_featured_image":false},"product_brand":[],"product_cat":[161,172],"product_tag":[],"class_list":{"0":"post-2537","1":"product","2":"type-product","3":"status-publish","4":"has-post-thumbnail","6":"product_cat-portes-dentree-et-portes-coupe-feu","7":"product_cat-bois-fr-2","9":"first","10":"instock","11":"taxable","12":"shipping-taxable","13":"product-type-simple"},"_links":{"self":[{"href":"https:\/\/www.rosafenster.ch\/fr\/wp-json\/wp\/v2\/product\/2537","targetHints":{"allow":["GET"]}}],"collection":[{"href":"https:\/\/www.rosafenster.ch\/fr\/wp-json\/wp\/v2\/product"}],"about":[{"href":"https:\/\/www.rosafenster.ch\/fr\/wp-json\/wp\/v2\/types\/product"}],"replies":[{"embeddable":true,"href":"https:\/\/www.rosafenster.ch\/fr\/wp-json\/wp\/v2\/comments?post=2537"}],"wp:featuredmedia":[{"embeddable":true,"href":"https:\/\/www.rosafenster.ch\/fr\/wp-json\/wp\/v2\/media\/1288"}],"wp:attachment":[{"href":"https:\/\/www.rosafenster.ch\/fr\/wp-json\/wp\/v2\/media?parent=2537"}],"wp:term":[{"taxonomy":"product_brand","embeddable":true,"href":"https:\/\/www.rosafenster.ch\/fr\/wp-json\/wp\/v2\/product_brand?post=2537"},{"taxonomy":"product_cat","embeddable":true,"href":"https:\/\/www.rosafenster.ch\/fr\/wp-json\/wp\/v2\/product_cat?post=2537"},{"taxonomy":"product_tag","embeddable":true,"href":"https:\/\/www.rosafenster.ch\/fr\/wp-json\/wp\/v2\/product_tag?post=2537"}],"curies":[{"name":"wp","href":"https:\/\/api.w.org\/{rel}","templated":true}]}}