{"id":2546,"date":"2022-12-09T11:54:31","date_gmt":"2022-12-09T10:54:31","guid":{"rendered":"https:\/\/www.rosafenster.ch\/produkt\/non class\u00e9\/portes-veka\/"},"modified":"2022-12-09T11:54:31","modified_gmt":"2022-12-09T10:54:31","slug":"portes-veka","status":"publish","type":"product","link":"https:\/\/www.rosafenster.ch\/fr\/produkt\/portes-dentree-et-portes-coupe-feu\/plastique-fr-2\/portes-veka\/","title":{"rendered":"Portes Veka"},"content":{"rendered":"<p>Les portes d&rsquo;entr\u00e9e sont toujours des pi\u00e8ces uniques fabriqu\u00e9es individuellement, dont la conception et la fonction sont adapt\u00e9es aux exigences respectives. Les syst\u00e8mes de portes d&rsquo;entr\u00e9e VEKA en PVC offrent ici la plus grande diversit\u00e9 possible et de nombreux avantages lors de la fabrication et du montage : trois syst\u00e8mes pour tous les types de remplissage, pour toutes les situations de montage, en construction neuve comme en r\u00e9novation, et parfaitement adapt\u00e9s au design et \u00e0 la technique des syst\u00e8mes de fen\u00eatres VEKA.<\/p>\n","protected":false},"excerpt":{"rendered":"<p>Les portes d&rsquo;entr\u00e9e sont toujours des pi\u00e8ces uniques fabriqu\u00e9es individuellement, dont la conception et la fonction sont adapt\u00e9es aux exigences respectives. Les syst\u00e8mes de portes d&rsquo;entr\u00e9e VEKA en PVC offrent ici la plus grande diversit\u00e9 possible et de nombreux avantages lors de la fabrication et du montage : trois syst\u00e8mes pour tous les types de [&hellip;]<\/p>\n","protected":false},"featured_media":1210,"comment_status":"closed","ping_status":"closed","template":"","meta":{"inline_featured_image":false},"product_brand":[],"product_cat":[161,175],"product_tag":[],"class_list":{"0":"post-2546","1":"product","2":"type-product","3":"status-publish","4":"has-post-thumbnail","6":"product_cat-portes-dentree-et-portes-coupe-feu","7":"product_cat-plastique-fr-2","9":"first","10":"instock","11":"taxable","12":"shipping-taxable","13":"product-type-simple"},"_links":{"self":[{"href":"https:\/\/www.rosafenster.ch\/fr\/wp-json\/wp\/v2\/product\/2546","targetHints":{"allow":["GET"]}}],"collection":[{"href":"https:\/\/www.rosafenster.ch\/fr\/wp-json\/wp\/v2\/product"}],"about":[{"href":"https:\/\/www.rosafenster.ch\/fr\/wp-json\/wp\/v2\/types\/product"}],"replies":[{"embeddable":true,"href":"https:\/\/www.rosafenster.ch\/fr\/wp-json\/wp\/v2\/comments?post=2546"}],"wp:featuredmedia":[{"embeddable":true,"href":"https:\/\/www.rosafenster.ch\/fr\/wp-json\/wp\/v2\/media\/1210"}],"wp:attachment":[{"href":"https:\/\/www.rosafenster.ch\/fr\/wp-json\/wp\/v2\/media?parent=2546"}],"wp:term":[{"taxonomy":"product_brand","embeddable":true,"href":"https:\/\/www.rosafenster.ch\/fr\/wp-json\/wp\/v2\/product_brand?post=2546"},{"taxonomy":"product_cat","embeddable":true,"href":"https:\/\/www.rosafenster.ch\/fr\/wp-json\/wp\/v2\/product_cat?post=2546"},{"taxonomy":"product_tag","embeddable":true,"href":"https:\/\/www.rosafenster.ch\/fr\/wp-json\/wp\/v2\/product_tag?post=2546"}],"curies":[{"name":"wp","href":"https:\/\/api.w.org\/{rel}","templated":true}]}}